{"id":386,"date":"2010-07-17T15:57:51","date_gmt":"2010-07-17T13:57:51","guid":{"rendered":"http:\/\/localhost\/?page_id=386"},"modified":"2026-01-19T09:42:17","modified_gmt":"2026-01-19T08:42:17","slug":"americalatina","status":"publish","type":"page","link":"https:\/\/www.lenostrevie.it\/?page_id=386","title":{"rendered":"America del Sud"},"content":{"rendered":"\n<h2 class=\"wp-block-heading\">Ecuador (e Amazzonia), Galapagos<\/h2>\n\n\n\n<figure class=\"wp-block-table is-style-stripes\"><table><tbody><tr><td>Anno<\/td><td>2010<\/td><\/tr><tr><td>Periodo<\/td><td>19 Luglio &#8211; 9 Agosto<\/td><\/tr><tr><td>Viaggio<\/td><td>Itinerante in pi\u00f9 localit\u00e0 dello stesso paese.<br>Le Galapagos sono sempre Ecuador, ma per la distanza \u00e8 da considerare come un paese a parte.<\/td><\/tr><tr><td>Trasporti<\/td><td>Spostamenti impegnativi, voli, mezzi locali\/privati organizzati in loco, trekking a piedi<\/td><\/tr><tr><td>Stile\/Tappe<\/td><td>Serrato \/ spostamenti ogni 2-3 giorni di soggiorno<\/td><\/tr><tr><td>Preparazione<\/td><td>Adatto a viaggiatori con esperienza significativa<br>Costi contenuti<\/td><\/tr><tr><td>Budget<\/td><td>circa 2.300\u20ac escluso voli<\/td><\/tr><\/tbody><\/table><\/figure>\n\n\n\n<figure class=\"wp-block-pullquote is-style-default has-border-color has-luminous-vivid-orange-color has-text-color\" style=\"border-color:#ff6900\"><blockquote><p>22 giorni, otto trasferimenti in aereo (inclusi gli scali), spostamenti interni con autobus di linea, tour e spostamenti in barca\/motoscafo\/canoa, pi\u00f9 un trekking a piedi per quattro giorni.<\/p><\/blockquote><\/figure>\n\n\n\n<div class=\"wp-block-getwid-image-hotspot\" data-appearance-animation=\"none\" data-image-points=\"[{&quot;link&quot;:&quot;https:\/\/www.lenostrevie.it\/?p=776&quot;,&quot;icon&quot;:&quot;&quot;,&quot;title&quot;:&quot;Galapagos&quot;,&quot;color&quot;:&quot;&quot;,&quot;content&quot;:&quot;&quot;,&quot;backgroundColor&quot;:&quot;#ff6900&quot;,&quot;newTab&quot;:false,&quot;popUpOpen&quot;:true,&quot;popUpWidth&quot;:350,&quot;placement&quot;:&quot;top&quot;,&quot;position&quot;:{&quot;x&quot;:&quot;13.33%&quot;,&quot;y&quot;:&quot;35.09%&quot;}},{&quot;link&quot;:&quot;https:\/\/www.lenostrevie.it\/?p=774&quot;,&quot;icon&quot;:&quot;&quot;,&quot;title&quot;:&quot;Ecuador e Amazzonia&quot;,&quot;color&quot;:&quot;&quot;,&quot;content&quot;:&quot;&quot;,&quot;backgroundColor&quot;:&quot;#ff6900&quot;,&quot;newTab&quot;:false,&quot;popUpOpen&quot;:true,&quot;popUpWidth&quot;:350,&quot;placement&quot;:&quot;top&quot;,&quot;position&quot;:{&quot;x&quot;:&quot;90.24%&quot;,&quot;y&quot;:&quot;22.59%&quot;}}]\" data-trigger=\"click\" data-theme=\"light\" data-tooltip-animation=\"shift-toward\" data-arrow=\"true\"><div class=\"wp-block-getwid-image-hotspot__wrapper\"><img loading=\"lazy\" decoding=\"async\" width=\"1673\" height=\"909\" src=\"http:\/\/www.lenostrevie.it\/wp-content\/uploads\/ecuador.jpg\" alt=\"\" class=\"wp-block-getwid-image-hotspot__image wp-image-826\" srcset=\"https:\/\/www.lenostrevie.it\/wp-content\/uploads\/ecuador.jpg 1673w, https:\/\/www.lenostrevie.it\/wp-content\/uploads\/ecuador-300x163.jpg 300w, https:\/\/www.lenostrevie.it\/wp-content\/uploads\/ecuador-768x417.jpg 768w, https:\/\/www.lenostrevie.it\/wp-content\/uploads\/ecuador-1536x835.jpg 1536w\" sizes=\"auto, (max-width: 1673px) 100vw, 1673px\" \/><div data-point-id=\"0\" class=\"wp-block-getwid-image-hotspot__dot has-animation-pulse\" style=\"left:13.33%;top:35.09%;background-color:#ff6900\"><div class=\"wp-block-getwid-image-hotspot__dot-wrapper\"><div class=\"wp-block-getwid-image-hotspot__dot-content\"><i class=\"fas fa-plus wp-block-getwid-image-hotspot__dot-icon\"><\/i><\/div><\/div><div class=\"wp-block-getwid-image-hotspot__dot-description\"><div class=\"wp-block-getwid-image-hotspot__dot-title\"><a href=\"https:\/\/www.lenostrevie.it\/?p=776\">Galapagos<\/a><\/div><\/div><\/div><div data-point-id=\"1\" class=\"wp-block-getwid-image-hotspot__dot has-animation-pulse\" style=\"left:90.24%;top:22.59%;background-color:#ff6900\"><div class=\"wp-block-getwid-image-hotspot__dot-wrapper\"><div class=\"wp-block-getwid-image-hotspot__dot-content\"><i class=\"fas fa-plus wp-block-getwid-image-hotspot__dot-icon\"><\/i><\/div><\/div><div class=\"wp-block-getwid-image-hotspot__dot-description\"><div class=\"wp-block-getwid-image-hotspot__dot-title\"><a href=\"https:\/\/www.lenostrevie.it\/?p=774\">Ecuador e Amazzonia<\/a><\/div><\/div><\/div><\/div><\/div>\n\n\n\n<hr class=\"wp-block-separator has-alpha-channel-opacity is-style-dots\"\/>\n\n\n\n<h2 class=\"wp-block-heading\">Il viaggio in breve<\/h2>\n\n\n\n<p style=\"font-size:16px\">Viaggio di impronta naturalistica: visita delle bellezze dell&#8217;Ecuador, Quito e la sua storia, Guayaquil, le cascate di Ba\u00f1os, la cultura locale nell&#8217;amazzonia, la grandezza delle Ande, il Patrimonio Mondiale dell&#8217;Unesco Galapagos.<\/p>\n\n\n\n<div class=\"wp-block-columns is-layout-flex wp-container-core-columns-is-layout-9d6595d7 wp-block-columns-is-layout-flex\">\n<div class=\"wp-block-column is-layout-flow wp-block-column-is-layout-flow\">\n<ul class=\"wp-block-list\">\n<li style=\"font-size:16px\">19\/7 &#8211; Volo Roma &#8211;&nbsp; Madrid &#8211; Bogot\u00e1 &#8211; Guayaquil (circa 25 ore) trasfer in albergo.<\/li>\n\n\n\n<li style=\"font-size:16px\">20\/7 &#8211; due giorni di visita della citt\u00e0 di Guayaquil (Parque Bolivar, Malecon).<\/li>\n\n\n\n<li style=\"font-size:16px\">22\/7 &#8211;&nbsp;Volo per Isla Baltra (Galapagos, circa 1 ora) transfer a Puerto Ayora con navetta pubblica, check-in albergo. Visita della stazione Darwin di Santa Cruz.<\/li>\n\n\n\n<li style=\"font-size:16px\">23\/7 &#8211; Visita dell&#8217;isola (Santa Cruz), Tortuga Bay. Organizzazione tour e spostamenti<\/li>\n\n\n\n<li style=\"font-size:16px\">24\/7 &#8211; Day Tour isola Bartolom\u00e8 (spostamento in barca)<\/li>\n\n\n\n<li style=\"font-size:16px\">25\/7 &#8211; Trasferimento isola Isabela (motoscafo veloce), arrivo a Puerto Villiamil (a piedi), check-in albergo, organizzazione dei tours giorni successivi<\/li>\n\n\n\n<li style=\"font-size:16px\">26\/7 &#8211; Day tour a Tintoreras (barca e immersioni)<\/li>\n\n\n\n<li style=\"font-size:16px\">27\/7 &#8211; Day tour a Los Tuneles (barca e immersioni)<\/li>\n\n\n\n<li style=\"font-size:16px\">28\/7 &#8211; Trasferimento a Santa Cruz (motoscafo veloce), visita della baia del Garrapatero.<\/li>\n\n\n\n<li style=\"font-size:16px\">29\/7 &#8211; Transfer a Isla Baltra (Aeroporto) con navetta pubblica. Volo per Quito (circa 2 ore), transfer in albergo (Autobus urbano).&nbsp;<\/li>\n\n\n\n<li style=\"font-size:16px\">30\/7 &#8211; Partenza mattina presto con autobus extraurbano dalla stazione Quitumbe per Ba\u00f1os (circa 3,5 ore). Arrivo a Ba\u00f1os e check-in in albergo. Tour delle cascate nei dintorni con bus locale.<\/li>\n\n\n\n<li style=\"font-size:16px\">31\/7 &#8211; Partenza con bus extraurbano per Tena (5 ore) e di seguito per Misahualli (1 ora) check-in albergo, coordinamento per il trekking in Amazzonia.<\/li>\n\n\n\n<li style=\"font-size:16px\">1\/8 &#8211; Partenza per Amazzonia, Trasporto locale, canoa (3,5 ore) e marcia di circa 3 ore nella foresta. Arrivo al Campo Base.<\/li>\n\n\n\n<li style=\"font-size:16px\">2\/8 &#8211; Tre giorni di trekking nella foresta, visita alle comunit\u00e0 locali.<\/li>\n\n\n\n<li style=\"font-size:16px\">4\/8 &#8211; Viaggio di ritorno per Misahualli (marcia, canoa, bus), a seguire bus per Tena, arrivo la sera check-in albergo.<\/li>\n\n\n\n<li style=\"font-size:16px\">5\/8 &#8211; Partenza con bus extraurbano per Quito (via Baeza) circa 5,5 ore. Arrivo a Quito e trasferimento in albergo.<\/li>\n\n\n\n<li style=\"font-size:16px\">6\/8 &#8211; Visita della citt\u00e0 di Quito<\/li>\n\n\n\n<li style=\"font-size:16px\">7\/8 &#8211; Day tour Mitad del Mundo<\/li>\n\n\n\n<li style=\"font-size:16px\">8\/8 &#8211; Mattina presto transfer in aeroporto per volo Quito &#8211; Bogot\u00e1 &#8211; Madrid &#8211; Roma<\/li>\n\n\n\n<li style=\"font-size:16px\">9\/8 &#8211; Arrivo a Roma.<\/li>\n<\/ul>\n\n\n\n<p><\/p>\n<\/div>\n\n\n\n<div class=\"wp-block-column is-layout-flow wp-block-column-is-layout-flow\">        <div class=\"wp-block-getwid-custom-post-type custom-post-type-post has-layout-list\">\n            <div class=\"wp-block-getwid-custom-post-type__wrapper\">\n                \t\t\t\t\t\t\t\t<div class='wp-block-getwid-custom-post-type__post'>\n\t\t\t\t\t\t\t\t\t\n<div class=\"wp-block-getwid-custom-post-type__post-wrapper\">\n            <div class=\"wp-block-getwid-custom-post-type__post-thumbnail\">\n            <a href=\"https:\/\/www.lenostrevie.it\/?p=774\"><img loading=\"lazy\" decoding=\"async\" width=\"1440\" height=\"1080\" src=\"https:\/\/www.lenostrevie.it\/wp-content\/uploads\/FACK3B0000004198.jpg\" class=\"attachment-post-thumbnail size-post-thumbnail wp-post-image\" alt=\"\" srcset=\"https:\/\/www.lenostrevie.it\/wp-content\/uploads\/FACK3B0000004198.jpg 1440w, https:\/\/www.lenostrevie.it\/wp-content\/uploads\/FACK3B0000004198-300x225.jpg 300w, https:\/\/www.lenostrevie.it\/wp-content\/uploads\/FACK3B0000004198-768x576.jpg 768w\" sizes=\"auto, (max-width: 1440px) 100vw, 1440px\" \/><\/a>\n        <\/div>\n        <div class=\"wp-block-getwid-custom-post-type__content-wrapper\">\n        <div class=\"wp-block-getwid-custom-post-type__post-header\">\n            <h3 class=\"wp-block-getwid-custom-post-type__post-title\"><a href=\"https:\/\/www.lenostrevie.it\/?p=774\">Giro in: Ecuador\/Amazzonia<\/a><\/h3>        <\/div>\n        <div class=\"wp-block-getwid-custom-post-type__post-excerpt \"><p>Luglio 2010 quasi un mese per girare Ecuador, Galapagos e Foresta Amazzonica. Viaggio lungo per arrivare, passiamo per Madrid, Bogot\u00e0&hellip; <\/p>\n<\/div>\n    <\/div>\n<\/div>\n\t\t\t\t\t\t\t\t<\/div>\n\t\t\t\t\t\t\t\t\t\t\t\t\t\t\t<div class='wp-block-getwid-custom-post-type__post'>\n\t\t\t\t\t\t\t\t\t\n<div class=\"wp-block-getwid-custom-post-type__post-wrapper\">\n            <div class=\"wp-block-getwid-custom-post-type__post-thumbnail\">\n            <a href=\"https:\/\/www.lenostrevie.it\/?p=776\"><img loading=\"lazy\" decoding=\"async\" width=\"1440\" height=\"1080\" src=\"https:\/\/www.lenostrevie.it\/wp-content\/uploads\/FACK3B0000003961.jpg\" class=\"attachment-post-thumbnail size-post-thumbnail wp-post-image\" alt=\"\" srcset=\"https:\/\/www.lenostrevie.it\/wp-content\/uploads\/FACK3B0000003961.jpg 1440w, https:\/\/www.lenostrevie.it\/wp-content\/uploads\/FACK3B0000003961-300x225.jpg 300w, https:\/\/www.lenostrevie.it\/wp-content\/uploads\/FACK3B0000003961-768x576.jpg 768w\" sizes=\"auto, (max-width: 1440px) 100vw, 1440px\" \/><\/a>\n        <\/div>\n        <div class=\"wp-block-getwid-custom-post-type__content-wrapper\">\n        <div class=\"wp-block-getwid-custom-post-type__post-header\">\n            <h3 class=\"wp-block-getwid-custom-post-type__post-title\"><a href=\"https:\/\/www.lenostrevie.it\/?p=776\">Giro in: Galapagos<\/a><\/h3>        <\/div>\n        <div class=\"wp-block-getwid-custom-post-type__post-excerpt \"><p>22 Luglio 2010, siamo in Ecuador e non ci facciamo sfuggire l&#8217;occasione di andare nelle Galapagos. Sveglia all\u2019alba (6) per&hellip; <\/p>\n<\/div>\n    <\/div>\n<\/div>\n\t\t\t\t\t\t\t\t<\/div>\n\t\t\t\t\t\t\t            <\/div>\n\n                    <\/div>\n        <\/div>\n<\/div>\n\n\n\n<h2 class=\"wp-block-heading\">Note e notizie<\/h2>\n\n\n\n<h3 class=\"wp-block-heading\">Vaccinazioni<\/h3>\n\n\n\n<p style=\"font-size:16px\"><strong>Non ci sono obblighi specifici di vaccinazione per l&#8217;Ecuador<\/strong>.<br>In ogni caso, nella zona amazzonica la Febbre Gialla \u00e8 endemica. Noi abbiamo la vaccinazione sia per Febbre Gialla sia per Epatite, inoltre abbiamo fatto quelle di prassi per questi viaggi: Antitifica e Anticolerica.<\/p>\n\n\n\n<p style=\"font-size:16px\">Inoltre la zona Amazzonica \u00e8 anche a rischio Malaria, quindi bisogna considerare una profilassi Antimalarica. Noi ci siamo rivolti al Centro Medicina del Viaggiatore (Vaccinazioni Internazionali) della nostra citt\u00e0, per avere un consiglio.<\/p>\n\n\n\n<p style=\"font-size:16px\">Come tutti i viaggi di questo tipo, una assicurazione per il viaggio, con l&#8217;opzione<em>&nbsp;&#8220;Flying Doctors&#8221;<\/em>, con una spesa contenuta, permette di viaggiare pi\u00f9 sereramente.<\/p>\n\n\n\n<p style=\"font-size:16px\"><a href=\"http:\/\/www.viaggiaresicuri.it\/paesi\/dettaglio\/ecuador.html\"><\/a>I riferimenti principali sono comunque quelli dati nel sito della Farnesina&nbsp;<br><a href=\"http:\/\/www.viaggiaresicuri.it\/paesi\/dettaglio\/ecuador.html\">http:\/\/www.viaggiaresicuri.it<\/a><\/p>\n\n\n\n<p style=\"font-size:16px\"><strong>A proposito di acqua<\/strong>,&nbsp;<em>nella foresta Amazzonica, non bere l&#8217;acqua presa dal &#8220;rio&#8221; (dai torrenti), anche se la guida dice che tanto \u00e8 pulita, e lui ha le pastiglie per disinfettare.<br>Le vaccinazioni, non coprono dal rischio di parassiti (come la Giardia) che NON si elimina con le pastiglie disinfettanti, ma solo bollendo l\u2019acqua.<\/em><\/p>\n\n\n\n<h3 class=\"wp-block-heading\">Autobus (prenotazioni e orari)<\/h3>\n\n\n\n<p style=\"font-size:16px\">Gli autobus extraurbani sono capillari, economici e abbastanza comodi. Non ci si pu\u00f2 aspettare una esatta puntualit\u00e0, e i tempi di percorrenza (a seconda del tragitto) sono abbastanza lunghi. Se presi a met\u00e0 tragitto, \u00e8 possibile che non ci siano posti a sedere, e quindi bisogna farsi il viaggio scomodamente in piedi.<\/p>\n\n\n\n<p style=\"font-size:16px\">A Quito \u00e8 operativo il Terminal Quitumbe, raggiungibile dal centro con il Trole (0,25 USD) o con il taxi (circa 10 USD). Il terminal di per s\u00e9 \u00e8 modernissimo e sembra quasi un aeroporto, ma le agenzie delle varie compagnie di trasporto urlano lo stesso le proprie destinazioni dagli sportelli, per accaparrarsi i clienti.<\/p>\n\n\n\n<p style=\"font-size:16px\">Vista la \u201cflessibilit\u00e0\u201d degli orari di partenza (gli autobus partono effettivamente solo quando sono pieni), almeno nei casi in cui ci siano pi\u00f9 compagnie a coprire la stessa tratta, \u00e8 consigliabile non acquistare il biglietto in anticipo, ma piuttosto attendere il primo autobus in partenza e comprare il biglietto a bordo. In questo modo non si rischia di veder partire prima l\u2019autobus che sarebbe dovuto partire dopo del nostro.<\/p>\n\n\n\n<p style=\"font-size:16px\">Per \u201cprenotare la fermata\u201d poi, \u00e8 sufficiente urlare all\u2019autista \u201cGracias!\u201d<\/p>\n\n\n\n<p style=\"font-size:16px\">Un\u2019altra caratteristica dei viaggi in autobus sono i venditori ambulanti di cibarie che salgono ad ogni fermata e che offrono di tutto, dalle \u201cchifles\u201d agli spiedini di carne.<\/p>\n\n\n\n<h3 class=\"wp-block-heading\">Galapagos &#8211; Isole e spostamenti<\/h3>\n\n\n\n<p style=\"font-size:16px\">Le guide turistiche sono poco dettagliate in quanto a percorsi da fare sulle isole. Un ottimo auto \u00e8 arrivato dal sito del parco delle Galapagos&nbsp;<a href=\"http:\/\/www.carlospi.com\/galapagospark\/sitiosdevisita\/\">http:\/\/www.carlospi.com\/galapagospark\/sitiosdevisita\/<\/a>&nbsp;dettagliato, con bellissime mappe disegnate e molte informazioni.<\/p>\n\n\n\n<p style=\"font-size:16px\">Non \u00e8 vero, come abbiamo trovato a volte scritto, che l\u2019isola di Isabela &#8220;non \u00e8 raggiunta molto spesso da imbarcazioni di dimensioni ridotte&#8230;\u201d: ci sono collegamenti giornalieri tra Santa Cruz e Isabela, e le \u201clance\u201d in questione portano al massimo16 passeggeri!<\/p>\n\n\n\n<p style=\"font-size:16px\">Un bellissimo sito poco conosciuto e raggiungibile da Pto Villamil con un day-tour (con guida) \u00e8 &#8220;Los Tuneles&#8221;, un tratto di costa a circa 1 ora di barca dal porto, costituito da una serie di colate laviche solidificate e collassate a formare dei \u201ctunnel\u201d (o meglio, degli archi) appena sopra la superficie dell\u2019acqua. E\u2019 camminabile e costituisce un frangiflutti naturale: venendo dal mare, si supera la prima barriera di rocce per penetrare all\u2019interno di una sorta di \u201claguna\u201d calma, dove si pu\u00f2 attraccare. Notevole lo spettacolo delle enormi tartarughe marine che nuotano appena sotto il pelo dell\u2019acqua, visibili senza immergersi (\u00e8 comunque possibile fare snorkeling in un\u2019area riservata). Il costo del day-tour \u00e8 circa 60 USD.<\/p>\n\n\n\n<p style=\"font-size:16px\">\u201cLas Tintoreras\u201d \u00e8 un sito facilmente raggiungibile da Pto Villamil ed \u00e8 famoso soprattutto per gli squali (Tintoreras) che popolano i sui canali interni (\u00e8 possibile nuotare con loro: le guide che accompagnano i turisti dicono che non c\u2019\u00e8 mai stato un incidente&#8230;)<\/p>\n","protected":false},"excerpt":{"rendered":"<p>Ecuador (e Amazzonia), Galapagos Anno 2010 Periodo 19 Luglio &#8211; 9 Agosto Viaggio Itinerante in pi\u00f9 localit\u00e0 dello stesso paese.Le&hellip; <\/p>\n","protected":false},"author":1,"featured_media":0,"parent":0,"menu_order":0,"comment_status":"open","ping_status":"closed","template":"","meta":{"footnotes":""},"categories":[4],"tags":[],"class_list":["post-386","page","type-page","status-publish","hentry","category-grandeviaggio"],"yoast_head":"<!-- This site is optimized with the Yoast SEO plugin v23.7 - https:\/\/yoast.com\/wordpress\/plugins\/seo\/ -->\n<title>America del Sud - Le Nostre Vie<\/title>\n<meta name=\"robots\" content=\"index, follow, max-snippet:-1, max-image-preview:large, max-video-preview:-1\" \/>\n<link rel=\"canonical\" href=\"https:\/\/www.lenostrevie.it\/?page_id=386\" \/>\n<meta property=\"og:locale\" content=\"it_IT\" \/>\n<meta property=\"og:type\" content=\"article\" \/>\n<meta property=\"og:title\" content=\"America del Sud - Le Nostre Vie\" \/>\n<meta property=\"og:description\" content=\"Ecuador (e Amazzonia), Galapagos Anno 2010 Periodo 19 Luglio &#8211; 9 Agosto Viaggio Itinerante in pi\u00f9 localit\u00e0 dello stesso paese.Le&hellip;\" \/>\n<meta property=\"og:url\" content=\"https:\/\/www.lenostrevie.it\/?page_id=386\" \/>\n<meta property=\"og:site_name\" content=\"Le Nostre Vie\" \/>\n<meta property=\"article:modified_time\" content=\"2026-01-19T08:42:17+00:00\" \/>\n<meta property=\"og:image\" content=\"https:\/\/www.lenostrevie.it\/wp-content\/uploads\/ecuador.jpg\" \/>\n\t<meta property=\"og:image:width\" content=\"1673\" \/>\n\t<meta property=\"og:image:height\" content=\"909\" \/>\n\t<meta property=\"og:image:type\" content=\"image\/jpeg\" \/>\n<meta name=\"twitter:card\" content=\"summary_large_image\" \/>\n<meta name=\"twitter:label1\" content=\"Est. reading time\" \/>\n\t<meta name=\"twitter:data1\" content=\"5 minuti\" \/>\n<script type=\"application\/ld+json\" class=\"yoast-schema-graph\">{\"@context\":\"https:\/\/schema.org\",\"@graph\":[{\"@type\":\"WebPage\",\"@id\":\"https:\/\/www.lenostrevie.it\/?page_id=386\",\"url\":\"https:\/\/www.lenostrevie.it\/?page_id=386\",\"name\":\"America del Sud - Le Nostre Vie\",\"isPartOf\":{\"@id\":\"https:\/\/www.lenostrevie.it\/#website\"},\"primaryImageOfPage\":{\"@id\":\"https:\/\/www.lenostrevie.it\/?page_id=386#primaryimage\"},\"image\":{\"@id\":\"https:\/\/www.lenostrevie.it\/?page_id=386#primaryimage\"},\"thumbnailUrl\":\"http:\/\/www.lenostrevie.it\/wp-content\/uploads\/ecuador.jpg\",\"datePublished\":\"2010-07-17T13:57:51+00:00\",\"dateModified\":\"2026-01-19T08:42:17+00:00\",\"breadcrumb\":{\"@id\":\"https:\/\/www.lenostrevie.it\/?page_id=386#breadcrumb\"},\"inLanguage\":\"it-IT\",\"potentialAction\":[{\"@type\":\"ReadAction\",\"target\":[\"https:\/\/www.lenostrevie.it\/?page_id=386\"]}]},{\"@type\":\"ImageObject\",\"inLanguage\":\"it-IT\",\"@id\":\"https:\/\/www.lenostrevie.it\/?page_id=386#primaryimage\",\"url\":\"https:\/\/www.lenostrevie.it\/wp-content\/uploads\/ecuador.jpg\",\"contentUrl\":\"https:\/\/www.lenostrevie.it\/wp-content\/uploads\/ecuador.jpg\",\"width\":1673,\"height\":909},{\"@type\":\"BreadcrumbList\",\"@id\":\"https:\/\/www.lenostrevie.it\/?page_id=386#breadcrumb\",\"itemListElement\":[{\"@type\":\"ListItem\",\"position\":1,\"name\":\"Home\",\"item\":\"https:\/\/www.lenostrevie.it\/\"},{\"@type\":\"ListItem\",\"position\":2,\"name\":\"America del Sud\"}]},{\"@type\":\"WebSite\",\"@id\":\"https:\/\/www.lenostrevie.it\/#website\",\"url\":\"https:\/\/www.lenostrevie.it\/\",\"name\":\"Le Nostre Vie\",\"description\":\"Grandi viaggi, Giri e Luoghi\",\"potentialAction\":[{\"@type\":\"SearchAction\",\"target\":{\"@type\":\"EntryPoint\",\"urlTemplate\":\"https:\/\/www.lenostrevie.it\/?s={search_term_string}\"},\"query-input\":{\"@type\":\"PropertyValueSpecification\",\"valueRequired\":true,\"valueName\":\"search_term_string\"}}],\"inLanguage\":\"it-IT\"}]}<\/script>\n<!-- \/ Yoast SEO plugin. -->","yoast_head_json":{"title":"America del Sud - Le Nostre Vie","robots":{"index":"index","follow":"follow","max-snippet":"max-snippet:-1","max-image-preview":"max-image-preview:large","max-video-preview":"max-video-preview:-1"},"canonical":"https:\/\/www.lenostrevie.it\/?page_id=386","og_locale":"it_IT","og_type":"article","og_title":"America del Sud - Le Nostre Vie","og_description":"Ecuador (e Amazzonia), Galapagos Anno 2010 Periodo 19 Luglio &#8211; 9 Agosto Viaggio Itinerante in pi\u00f9 localit\u00e0 dello stesso paese.Le&hellip;","og_url":"https:\/\/www.lenostrevie.it\/?page_id=386","og_site_name":"Le Nostre Vie","article_modified_time":"2026-01-19T08:42:17+00:00","og_image":[{"width":1673,"height":909,"url":"https:\/\/www.lenostrevie.it\/wp-content\/uploads\/ecuador.jpg","type":"image\/jpeg"}],"twitter_card":"summary_large_image","twitter_misc":{"Est. reading time":"5 minuti"},"schema":{"@context":"https:\/\/schema.org","@graph":[{"@type":"WebPage","@id":"https:\/\/www.lenostrevie.it\/?page_id=386","url":"https:\/\/www.lenostrevie.it\/?page_id=386","name":"America del Sud - Le Nostre Vie","isPartOf":{"@id":"https:\/\/www.lenostrevie.it\/#website"},"primaryImageOfPage":{"@id":"https:\/\/www.lenostrevie.it\/?page_id=386#primaryimage"},"image":{"@id":"https:\/\/www.lenostrevie.it\/?page_id=386#primaryimage"},"thumbnailUrl":"http:\/\/www.lenostrevie.it\/wp-content\/uploads\/ecuador.jpg","datePublished":"2010-07-17T13:57:51+00:00","dateModified":"2026-01-19T08:42:17+00:00","breadcrumb":{"@id":"https:\/\/www.lenostrevie.it\/?page_id=386#breadcrumb"},"inLanguage":"it-IT","potentialAction":[{"@type":"ReadAction","target":["https:\/\/www.lenostrevie.it\/?page_id=386"]}]},{"@type":"ImageObject","inLanguage":"it-IT","@id":"https:\/\/www.lenostrevie.it\/?page_id=386#primaryimage","url":"https:\/\/www.lenostrevie.it\/wp-content\/uploads\/ecuador.jpg","contentUrl":"https:\/\/www.lenostrevie.it\/wp-content\/uploads\/ecuador.jpg","width":1673,"height":909},{"@type":"BreadcrumbList","@id":"https:\/\/www.lenostrevie.it\/?page_id=386#breadcrumb","itemListElement":[{"@type":"ListItem","position":1,"name":"Home","item":"https:\/\/www.lenostrevie.it\/"},{"@type":"ListItem","position":2,"name":"America del Sud"}]},{"@type":"WebSite","@id":"https:\/\/www.lenostrevie.it\/#website","url":"https:\/\/www.lenostrevie.it\/","name":"Le Nostre Vie","description":"Grandi viaggi, Giri e Luoghi","potentialAction":[{"@type":"SearchAction","target":{"@type":"EntryPoint","urlTemplate":"https:\/\/www.lenostrevie.it\/?s={search_term_string}"},"query-input":{"@type":"PropertyValueSpecification","valueRequired":true,"valueName":"search_term_string"}}],"inLanguage":"it-IT"}]}},"_links":{"self":[{"href":"https:\/\/www.lenostrevie.it\/index.php?rest_route=\/wp\/v2\/pages\/386","targetHints":{"allow":["GET"]}}],"collection":[{"href":"https:\/\/www.lenostrevie.it\/index.php?rest_route=\/wp\/v2\/pages"}],"about":[{"href":"https:\/\/www.lenostrevie.it\/index.php?rest_route=\/wp\/v2\/types\/page"}],"author":[{"embeddable":true,"href":"https:\/\/www.lenostrevie.it\/index.php?rest_route=\/wp\/v2\/users\/1"}],"replies":[{"embeddable":true,"href":"https:\/\/www.lenostrevie.it\/index.php?rest_route=%2Fwp%2Fv2%2Fcomments&post=386"}],"version-history":[{"count":20,"href":"https:\/\/www.lenostrevie.it\/index.php?rest_route=\/wp\/v2\/pages\/386\/revisions"}],"predecessor-version":[{"id":2347,"href":"https:\/\/www.lenostrevie.it\/index.php?rest_route=\/wp\/v2\/pages\/386\/revisions\/2347"}],"wp:attachment":[{"href":"https:\/\/www.lenostrevie.it\/index.php?rest_route=%2Fwp%2Fv2%2Fmedia&parent=386"}],"wp:term":[{"taxonomy":"category","embeddable":true,"href":"https:\/\/www.lenostrevie.it\/index.php?rest_route=%2Fwp%2Fv2%2Fcategories&post=386"},{"taxonomy":"post_tag","embeddable":true,"href":"https:\/\/www.lenostrevie.it\/index.php?rest_route=%2Fwp%2Fv2%2Ftags&post=386"}],"curies":[{"name":"wp","href":"https:\/\/api.w.org\/{rel}","templated":true}]}}