{"id":384,"date":"2008-05-05T15:56:43","date_gmt":"2008-05-05T13:56:43","guid":{"rendered":"http:\/\/localhost\/?page_id=384"},"modified":"2026-01-19T09:42:45","modified_gmt":"2026-01-19T08:42:45","slug":"messico","status":"publish","type":"page","link":"https:\/\/www.lenostrevie.it\/?page_id=384","title":{"rendered":"Messico"},"content":{"rendered":"\n<h2 class=\"wp-block-heading\" id=\"messico-central-chapas-yucatan-e-quintana-roo\">Messico central, Chiapas, Yucat\u00e1n e Quintana Roo<\/h2>\n\n\n\n<figure class=\"wp-block-table is-style-stripes\"><table><tbody><tr><td>Anno<\/td><td>2008<\/td><\/tr><tr><td>Periodo<\/td><td>19 Aprile \u2013 4 Maggio<\/td><\/tr><tr><td>Viaggio<\/td><td>Itinerante in pi\u00f9 localit\u00e0 adiacenti (stesso Stato)<\/td><\/tr><tr><td>Trasporti<\/td><td>Spostamenti intensi, mezzi locali\/privati prenotati<\/td><\/tr><tr><td>Stile\/Tappe<\/td><td>Serrato, Spostamenti ogni 1-2 giorni di soggiorno<\/td><\/tr><tr><td>Preparazione<\/td><td>Orientamento, Adattamento, Iniziativa. Adatto a viaggiatori con esperienza. Costi medi<\/td><\/tr><tr><td>Budget<\/td><td>1500\u20ac escluso voli<\/td><\/tr><\/tbody><\/table><\/figure>\n\n\n\n<figure class=\"wp-block-pullquote is-style-default has-border-color has-luminous-vivid-orange-color has-text-color\" style=\"border-color:#ff6900\"><blockquote><p>18 giorni, volo intercontinentale per Citt\u00e0 del Messico, spostamenti in autobus extraurbani prenotati, escursioni organizzate in loco. Tappa di riposo in resort sul mare a Tulum. Ritorno a Citt\u00e0 del Messico con volo interno. Soggiorno in hotel prenotati.<\/p><\/blockquote><\/figure>\n\n\n\n<div class=\"wp-block-getwid-image-hotspot\" data-appearance-animation=\"none\" data-image-points=\"[{&quot;link&quot;:&quot;http:\/\/www.lenostrevie.it\/?p=401&quot;,&quot;icon&quot;:&quot;&quot;,&quot;title&quot;:&quot;Chiapas&quot;,&quot;color&quot;:&quot;&quot;,&quot;content&quot;:&quot;&quot;,&quot;backgroundColor&quot;:&quot;#ff6900&quot;,&quot;newTab&quot;:false,&quot;popUpOpen&quot;:true,&quot;popUpWidth&quot;:350,&quot;placement&quot;:&quot;top&quot;,&quot;position&quot;:{&quot;x&quot;:&quot;56.79%&quot;,&quot;y&quot;:&quot;49.66%&quot;}},{&quot;link&quot;:&quot;http:\/\/www.lenostrevie.it\/?p=399&quot;,&quot;icon&quot;:&quot;&quot;,&quot;title&quot;:&quot;Mexico Central&quot;,&quot;color&quot;:&quot;#ffffff&quot;,&quot;content&quot;:&quot;&quot;,&quot;backgroundColor&quot;:&quot;#ff6900&quot;,&quot;newTab&quot;:false,&quot;popUpOpen&quot;:true,&quot;popUpWidth&quot;:350,&quot;placement&quot;:&quot;top&quot;,&quot;position&quot;:{&quot;x&quot;:&quot;19.52%&quot;,&quot;y&quot;:&quot;29.20%&quot;}},{&quot;link&quot;:&quot;http:\/\/www.lenostrevie.it\/?p=403&quot;,&quot;icon&quot;:&quot;&quot;,&quot;title&quot;:&quot;Yucat\u00e1n e Quintana Roo&quot;,&quot;color&quot;:&quot;&quot;,&quot;content&quot;:&quot;&quot;,&quot;backgroundColor&quot;:&quot;#ff6900&quot;,&quot;newTab&quot;:false,&quot;popUpOpen&quot;:true,&quot;popUpWidth&quot;:350,&quot;placement&quot;:&quot;top&quot;,&quot;position&quot;:{&quot;x&quot;:&quot;78.45%&quot;,&quot;y&quot;:&quot;12.87%&quot;}}]\" data-trigger=\"click\" data-theme=\"light\" data-tooltip-animation=\"shift-toward\" data-arrow=\"true\"><div class=\"wp-block-getwid-image-hotspot__wrapper\"><img loading=\"lazy\" decoding=\"async\" width=\"1534\" height=\"794\" src=\"http:\/\/www.lenostrevie.it\/wp-content\/uploads\/mexico.jpg\" alt=\"\" class=\"wp-block-getwid-image-hotspot__image wp-image-393\" srcset=\"https:\/\/www.lenostrevie.it\/wp-content\/uploads\/mexico.jpg 1534w, https:\/\/www.lenostrevie.it\/wp-content\/uploads\/mexico-300x155.jpg 300w, https:\/\/www.lenostrevie.it\/wp-content\/uploads\/mexico-768x398.jpg 768w\" sizes=\"auto, (max-width: 1534px) 100vw, 1534px\" \/><div data-point-id=\"0\" class=\"wp-block-getwid-image-hotspot__dot has-animation-pulse\" style=\"left:56.79%;top:49.66%;background-color:#ff6900\"><div class=\"wp-block-getwid-image-hotspot__dot-wrapper\"><div class=\"wp-block-getwid-image-hotspot__dot-content\"><i class=\"fas fa-plus wp-block-getwid-image-hotspot__dot-icon\"><\/i><\/div><\/div><div class=\"wp-block-getwid-image-hotspot__dot-description\"><div class=\"wp-block-getwid-image-hotspot__dot-title\"><a href=\"http:\/\/www.lenostrevie.it\/?p=401\">Chiapas<\/a><\/div><\/div><\/div><div data-point-id=\"1\" class=\"wp-block-getwid-image-hotspot__dot has-animation-pulse\" style=\"left:19.52%;top:29.20%;background-color:#ff6900\"><div class=\"wp-block-getwid-image-hotspot__dot-wrapper\"><div style=\"color:#ffffff\" class=\"wp-block-getwid-image-hotspot__dot-content\"><i class=\"fas fa-plus wp-block-getwid-image-hotspot__dot-icon\"><\/i><\/div><\/div><div class=\"wp-block-getwid-image-hotspot__dot-description\"><div class=\"wp-block-getwid-image-hotspot__dot-title\"><a href=\"http:\/\/www.lenostrevie.it\/?p=399\">Mexico Central<\/a><\/div><\/div><\/div><div data-point-id=\"2\" class=\"wp-block-getwid-image-hotspot__dot has-animation-pulse\" style=\"left:78.45%;top:12.87%;background-color:#ff6900\"><div class=\"wp-block-getwid-image-hotspot__dot-wrapper\"><div class=\"wp-block-getwid-image-hotspot__dot-content\"><i class=\"fas fa-plus wp-block-getwid-image-hotspot__dot-icon\"><\/i><\/div><\/div><div class=\"wp-block-getwid-image-hotspot__dot-description\"><div class=\"wp-block-getwid-image-hotspot__dot-title\"><a href=\"http:\/\/www.lenostrevie.it\/?p=403\">Yucat\u00e1n e Quintana Roo<\/a><\/div><\/div><\/div><\/div><\/div>\n\n\n\n<hr class=\"wp-block-separator has-alpha-channel-opacity is-style-dots\"\/>\n\n\n\n<p style=\"font-size:16px\">Un lungo ponte tra Pasqua e primo maggio (e qualche giorno in pi\u00f9) per fare un giro del Messico.<\/p>\n\n\n\n<p style=\"font-size:16px\">Abbiamo la possibilit\u00e0 di prenotare gli spostamenti con gli autobus di linea direttamente in internet, cos\u00ec il viaggio \u00e8 molto pi\u00f9 semplice e possiamo sfruttare al massimo il poco tempo che abbiamo per visitare molti luoghi sparsi lungo tutto il Paese.<\/p>\n\n\n\n<p style=\"font-size:16px\">Comodi autobus extraurbani per Teotihuacan, Puebla, altopiani del Chiapas, Palenque, Merida, Uxmal, Chichen Itza, tours giornalieri organizzati in loco, riposo al mare a Tulum prima di rientrare.<\/p>\n\n\n\n<h2 class=\"wp-block-heading\" id=\"il-viaggio-in-breve\">Il viaggio in breve<\/h2>\n\n\n\n<div class=\"wp-block-columns is-layout-flex wp-container-core-columns-is-layout-9d6595d7 wp-block-columns-is-layout-flex\">\n<div class=\"wp-block-column is-layout-flow wp-block-column-is-layout-flow\">\n<ul class=\"wp-block-list\">\n<li style=\"font-size:16px\">19\/4 \u2013 Volo Roma \u2013 Madrid \u2013 Mexico City (20 ore circa) Arrivo la mattina del giorno successivo.<\/li>\n\n\n\n<li style=\"font-size:16px\">20\/4 \u2013 Mexico City check-in in albergo, giro di orientamento della citt\u00e0.<\/li>\n\n\n\n<li style=\"font-size:16px\">21\/4 \u2013 Day tour a Teotihuacan raggiunta con bus di linea.<\/li>\n\n\n\n<li style=\"font-size:16px\">22\/4 \u2013 Trasferimento con bus extraurbano a Puebla (circa 2 ore), deposito dei bagagli alla stazione, visita della citt\u00e0. La sera partenza con bus extraurbano (lusso) per San Cristobal (viaggio notturno: 11 ore).<\/li>\n\n\n\n<li style=\"font-size:16px\">23\/4 \u2013 Arrivo mattina presto a San Cristobal, check-in albergo, visita della citt\u00e0, organizzazione tours in loco.<\/li>\n\n\n\n<li style=\"font-size:16px\">24\/4 \u2013 Escursione a San Juan Chamula e San Lorenzo Zincantan<\/li>\n\n\n\n<li style=\"font-size:16px\">25\/4 \u2013 Partenza in mattinata per trasferimento con bus extraurbano a Palenque, deposito bagagli in stazione, visita Palenque. La sera tardi partenza con bus extraurbano (lusso) per Merida (viaggio notturno: 7,5 ore).<\/li>\n\n\n\n<li style=\"font-size:16px\">26\/4 \u2013 Merida: check-in hotel e visita della citt\u00e0.<\/li>\n\n\n\n<li style=\"font-size:16px\">27\/4 \u2013 Day tour Uxmal (trasferimento con bus locale)<\/li>\n\n\n\n<li style=\"font-size:16px\">28\/4 \u2013 Trasferimento con bus extraurbano a Chichen Itza (circa 1,45 ore), check-in albergo, visita del sito archeologico.<\/li>\n\n\n\n<li style=\"font-size:16px\">29\/4 \u2013 Trasferimento con bus extraurbano a Tulum (circa 2.5 ore), check-in resort sul mare (trasferimento taxi dalla citt\u00e0). Giornata di riposo.<\/li>\n\n\n\n<li style=\"font-size:16px\">30\/4 \u2013 Visita sito archeologico Tulum, nel pomeriggio visita ai \u201cCenotes\u201d (spostamenti in taxi).<\/li>\n\n\n\n<li style=\"font-size:16px\">1\/5 \u2013 Mattina riposo mare, pomeriggio trasferimento con bus extraurbano a Cancun, check-in hotel (vicino all\u2019aeroporto), riposo.<\/li>\n\n\n\n<li style=\"font-size:16px\">2\/5 \u2013 Mattina trasfer con navetta all\u2019aeroporto di Cancun, volo per Mexico City, arrivo e trasferimento in hotel, visita del Museo nacional de antropologia.<\/li>\n\n\n\n<li style=\"font-size:16px\">3\/5 \u2013 Mattina libera, pomeriggio transfer con taxi in aeroporto, volo per Madrid.<\/li>\n\n\n\n<li style=\"font-size:16px\">4\/5 \u2013 Arrivo a Roma.<\/li>\n<\/ul>\n\n\n\n<p><\/p>\n<\/div>\n\n\n\n<div class=\"wp-block-column is-layout-flow wp-block-column-is-layout-flow\">        <div class=\"wp-block-getwid-custom-post-type custom-post-type-post has-layout-list\">\n            <div class=\"wp-block-getwid-custom-post-type__wrapper\">\n                \t\t\t\t\t\t\t\t<div class='wp-block-getwid-custom-post-type__post'>\n\t\t\t\t\t\t\t\t\t\n<div class=\"wp-block-getwid-custom-post-type__post-wrapper\">\n            <div class=\"wp-block-getwid-custom-post-type__post-thumbnail\">\n            <a href=\"https:\/\/www.lenostrevie.it\/?p=399\"><img loading=\"lazy\" decoding=\"async\" width=\"1440\" height=\"1080\" src=\"https:\/\/www.lenostrevie.it\/wp-content\/uploads\/FABN3B0000002431.jpg\" class=\"attachment-post-thumbnail size-post-thumbnail wp-post-image\" alt=\"\" srcset=\"https:\/\/www.lenostrevie.it\/wp-content\/uploads\/FABN3B0000002431.jpg 1440w, https:\/\/www.lenostrevie.it\/wp-content\/uploads\/FABN3B0000002431-300x225.jpg 300w, https:\/\/www.lenostrevie.it\/wp-content\/uploads\/FABN3B0000002431-768x576.jpg 768w\" sizes=\"auto, (max-width: 1440px) 100vw, 1440px\" \/><\/a>\n        <\/div>\n        <div class=\"wp-block-getwid-custom-post-type__content-wrapper\">\n        <div class=\"wp-block-getwid-custom-post-type__post-header\">\n            <h3 class=\"wp-block-getwid-custom-post-type__post-title\"><a href=\"https:\/\/www.lenostrevie.it\/?p=399\">Giro in: Messico Central<\/a><\/h3>        <\/div>\n        <div class=\"wp-block-getwid-custom-post-type__post-excerpt \"><p>A Citt\u00e0 del Messico, anche se \u00e8 Maggio e nonostante l&#8217;altitudine, il caldo si sente. Visitiamo la citt\u00e0 e prepariamo&hellip; <\/p>\n<\/div>\n    <\/div>\n<\/div>\n\t\t\t\t\t\t\t\t<\/div>\n\t\t\t\t\t\t\t\t\t\t\t\t\t\t\t<div class='wp-block-getwid-custom-post-type__post'>\n\t\t\t\t\t\t\t\t\t\n<div class=\"wp-block-getwid-custom-post-type__post-wrapper\">\n            <div class=\"wp-block-getwid-custom-post-type__post-thumbnail\">\n            <a href=\"https:\/\/www.lenostrevie.it\/?p=401\"><img loading=\"lazy\" decoding=\"async\" width=\"1741\" height=\"1080\" src=\"https:\/\/www.lenostrevie.it\/wp-content\/uploads\/FABN3B0000002352.jpg\" class=\"attachment-post-thumbnail size-post-thumbnail wp-post-image\" alt=\"\" srcset=\"https:\/\/www.lenostrevie.it\/wp-content\/uploads\/FABN3B0000002352.jpg 1741w, https:\/\/www.lenostrevie.it\/wp-content\/uploads\/FABN3B0000002352-300x186.jpg 300w, https:\/\/www.lenostrevie.it\/wp-content\/uploads\/FABN3B0000002352-768x476.jpg 768w, https:\/\/www.lenostrevie.it\/wp-content\/uploads\/FABN3B0000002352-1536x953.jpg 1536w\" sizes=\"auto, (max-width: 1741px) 100vw, 1741px\" \/><\/a>\n        <\/div>\n        <div class=\"wp-block-getwid-custom-post-type__content-wrapper\">\n        <div class=\"wp-block-getwid-custom-post-type__post-header\">\n            <h3 class=\"wp-block-getwid-custom-post-type__post-title\"><a href=\"https:\/\/www.lenostrevie.it\/?p=401\">Giro in: Chiapas<\/a><\/h3>        <\/div>\n        <div class=\"wp-block-getwid-custom-post-type__post-excerpt \"><p>Da Puebla, con un viaggio notturno in autobus, raggiungiamo gli altopiani del Chiapas. Destinazione San Cristobal De Las Casas. L&#8217;autobus&hellip; <\/p>\n<\/div>\n    <\/div>\n<\/div>\n\t\t\t\t\t\t\t\t<\/div>\n\t\t\t\t\t\t\t\t\t\t\t\t\t\t\t<div class='wp-block-getwid-custom-post-type__post'>\n\t\t\t\t\t\t\t\t\t\n<div class=\"wp-block-getwid-custom-post-type__post-wrapper\">\n            <div class=\"wp-block-getwid-custom-post-type__post-thumbnail\">\n            <a href=\"https:\/\/www.lenostrevie.it\/?p=403\"><img loading=\"lazy\" decoding=\"async\" width=\"1440\" height=\"1080\" src=\"https:\/\/www.lenostrevie.it\/wp-content\/uploads\/FABN3_0000002677.jpg\" class=\"attachment-post-thumbnail size-post-thumbnail wp-post-image\" alt=\"\" srcset=\"https:\/\/www.lenostrevie.it\/wp-content\/uploads\/FABN3_0000002677.jpg 1440w, https:\/\/www.lenostrevie.it\/wp-content\/uploads\/FABN3_0000002677-300x225.jpg 300w, https:\/\/www.lenostrevie.it\/wp-content\/uploads\/FABN3_0000002677-768x576.jpg 768w\" sizes=\"auto, (max-width: 1440px) 100vw, 1440px\" \/><\/a>\n        <\/div>\n        <div class=\"wp-block-getwid-custom-post-type__content-wrapper\">\n        <div class=\"wp-block-getwid-custom-post-type__post-header\">\n            <h3 class=\"wp-block-getwid-custom-post-type__post-title\"><a href=\"https:\/\/www.lenostrevie.it\/?p=403\">Giro in: Yucat\u00e1n e Quintana Roo<\/a><\/h3>        <\/div>\n        <div class=\"wp-block-getwid-custom-post-type__post-excerpt \"><p>Anche stavolta raggiungiamo la destinazione con un viaggio notturno in bus. Aria condizionata e TV accesa su telenovela in spagnolo.&hellip; <\/p>\n<\/div>\n    <\/div>\n<\/div>\n\t\t\t\t\t\t\t\t<\/div>\n\t\t\t\t\t\t\t            <\/div>\n\n                    <\/div>\n        <\/div>\n<\/div>\n\n\n\n<h2 class=\"wp-block-heading\" id=\"note-e-notizie\">Note e notizie<\/h2>\n\n\n\n<h4 class=\"wp-block-heading\" id=\"autobus\">Autobus<\/h4>\n\n\n\n<p style=\"font-size:16px\">In Messico \u00e8 semplice e comodo girare con gli autobus extraurbani. La rete \u00e8 molto estesa e raggiunge praticamente qualsiasi localit\u00e0.&nbsp;<\/p>\n\n\n\n<p style=\"font-size:16px\">Esistono differenti linee che coprono i tragitti, e si pu\u00f2 scegliere tra vari livelli di confort: SuperLux (viaggi diretti, autobus nuovi, molto spazio per le gambe, aria condizionata a palla), Lux (alcune fermate intermedie, autobus nuovi, sedili comodi &#8211; ma non per dormirci &#8211; televisione e aria condizionata a palla), o intermedi (fermate locali, autobus usati, sedili mediocri, molto usati dalla popolazione locale, niente aria condizionata). Naturalmente il costo varia, ma \u00e8 tutto facilmente reperibile e prenotabile in internet.<\/p>\n\n\n\n<p style=\"font-size:16px\">Utilissimi i depositi bagagli nelle stazioni degli autobus: consentono di fare tappa per visitare una citt\u00e0 senza dovervi soggiornare, o peggio, doversi portare i bagagli appresso.<\/p>\n\n\n\n<h3 class=\"wp-block-heading\" id=\"note-di-viaggio\">Note di viaggio<\/h3>\n\n\n\n<h4 class=\"wp-block-heading\" id=\"citta-del-messico\">Citt\u00e0 del Messico<\/h4>\n\n\n\n<p style=\"font-size:16px\">Il \u201cmiraggio americano\u201d, ovvero il tentativo di riprodurre il sogno americano (la city\u2026). In realt\u00e0 somiglia pi\u00f9 a un grande \u201cpaese\u201d, pieno di giovani, bambini (tantissimi), feste di piazza.<br>Enorme \u201cpresenza\u201d dello Stato. Pubblicit\u00e0 quasi inesistente (tranne quella istituzionale).<\/p>\n\n\n\n<p style=\"font-size:16px\">Molto caldo! Non si fa in tempo a sudare: il calore disidrata all\u2019istante, tutti girano con l\u2019acqua e l\u2019assumono costantemente. I bimbi piccoli sono coperti con lenzuolini bianchi per proteggerli dal sole. Il cibo \u00e8 esageratamente piccante (ma ovviamente \u00e8 questione di gusti).<\/p>\n\n\n\n<h4 class=\"wp-block-heading\" id=\"puebla\">Puebla<\/h4>\n\n\n\n<p style=\"font-size:16px\">Piacevole citt\u00e0 universitaria, con caratteristiche costruzioni e palazzi.<\/p>\n\n\n\n<h4 class=\"wp-block-heading\" id=\"san-cristobal\">San Cristobal<\/h4>\n\n\n\n<p style=\"font-size:16px\">Tranquillo ma turistico paesino di montagna, con fricchettoni in visita. Qui le etnie non sono minoranze. Il clima \u00e8 tropicale montano (caldo di giorno, freddo di notte).<\/p>\n\n\n\n<h4 class=\"wp-block-heading\" id=\"chamula\">Chamula<\/h4>\n\n\n\n<p style=\"font-size:16px\">Villaggio primitivo un po&#8217; snaturato (case di fango col tetto di lamiera, alcune in cemento). Etnia Tsotsil.<\/p>\n\n\n\n<p style=\"font-size:16px\">Chiesa cattolica solo di \u201cfacciata\u201d: riti sciamanici all\u2019interno!<br>Luogo in penombra, teche con statue di santi su tutte le pareti, aghi di pino freschi a terra ovunque, centinaia di candele a terra e sui tavoli, fumo di incenso, tante cerimonie private tenute a terra, alcune con sciamano, talvolta munito di gallina sacrificale. Bibite gassate usate dallo sciamano per \u201cspruzzare\u201d con la bocca; gruppi di uomini in abito tipico \u2013 tunica in vello di pecora nero \u2013 suonano chitarre e fisarmoniche e ripetono una cantilena a ritmo lento.<\/p>\n\n\n\n<p style=\"font-size:16px\">I capi religiosi locali espongono un arco di foglie fuori dalla propria casa. Le famiglie espongono invece una croce verde, che non ha nulla a che fare con quella cristiana: \u00e8 il simbolo dell\u2019albero sacro dei maya (la ceiba) che attraversa cielo e terra.<\/p>\n\n\n\n<h4 class=\"wp-block-heading\" id=\"zincantan\">Zincantan<\/h4>\n\n\n\n<p style=\"font-size:16px\">A 4 km di distanza da Chamula, gli abitanti sono ferventi cattolici! Indossano abiti floreali poich\u00e9 commerciano fiori.<\/p>\n\n\n\n<h4 class=\"wp-block-heading\" id=\"palenque\">Palenque<\/h4>\n\n\n\n<p style=\"font-size:16px\">Nella giungla, calda e umida. 6 ore di curve attraversando il Chiapas per arrivarci: si scende da oltre 2000 mt fino a 80, ammirando cos\u00ec tutti i tipi di vegetazione \u2013 dalle conifere alle latifoglie alle piante tropicali quali palme e banani! Strada sconnessa. Sequenza di micro-paesini molto poveri. Cartelli social-governativi (\u201cagua limpia significa vida mejor\u201d, e contro la malnutrizione).<\/p>\n\n\n\n<p style=\"font-size:16px\">Sito splendido ma difficile da girare dato il clima. Paese piccolo ma ospitale.<\/p>\n\n\n\n<h4 class=\"wp-block-heading\" id=\"merida\">Merida<\/h4>\n\n\n\n<p style=\"font-size:16px\">Inizio tratto \u201cpiatto\u201d (Yucatan).&nbsp;Paese fin troppo organizzato per il turismo. Tutti parlano italiano e tentano insistentemente di venderti qualcosa. Ci sono feste serali quotidiane.<\/p>\n\n\n\n<p style=\"font-size:16px\">Come negli Stati Uniti, qualsiasi locale chiuso ha l\u2019aria condizionata \u201ca palla\u201d<\/p>\n\n\n\n<h4 class=\"wp-block-heading\" id=\"uxmal\">Uxmal<\/h4>\n\n\n\n<p style=\"font-size:16px\">Bel sito, architettura Puuc. Facce di Chac-Mool (dio della pioggia) stilizzate ovunque.<\/p>\n\n\n\n<h4 class=\"wp-block-heading\" id=\"chichen-itza\">Chichen-Itza<\/h4>\n\n\n\n<p style=\"font-size:16px\">Caos di Americani.&nbsp;Troppe bancarelle dentro il sito: rovinano le splendide rovine.&nbsp;Edifici elaborati \/ ornati, ma non ci si pu\u00f2 salire. Come base per visitare c\u2019\u00e8 un paesino microscopico sulla strada (Piste).<\/p>\n\n\n\n<h4 class=\"wp-block-heading\" id=\"tulum\">Tulum<\/h4>\n\n\n\n<p style=\"font-size:16px\">Sequenza di piccoli hotel lungo la costa (un po\u2019 troppi). Il mare \u00e8 trasparente, il sito archeologico \u00e8 ben tenuto e con uno splendido colpo d\u2019occhio sul mare.<\/p>\n\n\n\n<p style=\"font-size:16px\">Sorprendente il Cenote: nel nulla, acqua trasparente e pieno di uccellini.<\/p>\n","protected":false},"excerpt":{"rendered":"<p>Messico central, Chiapas, Yucat\u00e1n e Quintana Roo Anno 2008 Periodo 19 Aprile \u2013 4 Maggio Viaggio Itinerante in pi\u00f9 localit\u00e0&hellip; <\/p>\n","protected":false},"author":1,"featured_media":0,"parent":0,"menu_order":0,"comment_status":"open","ping_status":"closed","template":"","meta":{"footnotes":""},"categories":[4],"tags":[],"class_list":["post-384","page","type-page","status-publish","hentry","category-grandeviaggio"],"yoast_head":"<!-- This site is optimized with the Yoast SEO plugin v23.7 - https:\/\/yoast.com\/wordpress\/plugins\/seo\/ -->\n<title>Messico - Le Nostre Vie<\/title>\n<meta name=\"robots\" content=\"index, follow, max-snippet:-1, max-image-preview:large, max-video-preview:-1\" \/>\n<link rel=\"canonical\" href=\"https:\/\/www.lenostrevie.it\/?page_id=384\" \/>\n<meta property=\"og:locale\" content=\"it_IT\" \/>\n<meta property=\"og:type\" content=\"article\" \/>\n<meta property=\"og:title\" content=\"Messico - Le Nostre Vie\" \/>\n<meta property=\"og:description\" content=\"Messico central, Chiapas, Yucat\u00e1n e Quintana Roo Anno 2008 Periodo 19 Aprile \u2013 4 Maggio Viaggio Itinerante in pi\u00f9 localit\u00e0&hellip;\" \/>\n<meta property=\"og:url\" content=\"https:\/\/www.lenostrevie.it\/?page_id=384\" \/>\n<meta property=\"og:site_name\" content=\"Le Nostre Vie\" \/>\n<meta property=\"article:modified_time\" content=\"2026-01-19T08:42:45+00:00\" \/>\n<meta property=\"og:image\" content=\"https:\/\/www.lenostrevie.it\/wp-content\/uploads\/mexico.jpg\" \/>\n\t<meta property=\"og:image:width\" content=\"1534\" \/>\n\t<meta property=\"og:image:height\" content=\"794\" \/>\n\t<meta property=\"og:image:type\" content=\"image\/jpeg\" \/>\n<meta name=\"twitter:card\" content=\"summary_large_image\" \/>\n<meta name=\"twitter:label1\" content=\"Est. reading time\" \/>\n\t<meta name=\"twitter:data1\" content=\"5 minuti\" \/>\n<script type=\"application\/ld+json\" class=\"yoast-schema-graph\">{\"@context\":\"https:\/\/schema.org\",\"@graph\":[{\"@type\":\"WebPage\",\"@id\":\"https:\/\/www.lenostrevie.it\/?page_id=384\",\"url\":\"https:\/\/www.lenostrevie.it\/?page_id=384\",\"name\":\"Messico - Le Nostre Vie\",\"isPartOf\":{\"@id\":\"https:\/\/www.lenostrevie.it\/#website\"},\"primaryImageOfPage\":{\"@id\":\"https:\/\/www.lenostrevie.it\/?page_id=384#primaryimage\"},\"image\":{\"@id\":\"https:\/\/www.lenostrevie.it\/?page_id=384#primaryimage\"},\"thumbnailUrl\":\"http:\/\/www.lenostrevie.it\/wp-content\/uploads\/mexico.jpg\",\"datePublished\":\"2008-05-05T13:56:43+00:00\",\"dateModified\":\"2026-01-19T08:42:45+00:00\",\"breadcrumb\":{\"@id\":\"https:\/\/www.lenostrevie.it\/?page_id=384#breadcrumb\"},\"inLanguage\":\"it-IT\",\"potentialAction\":[{\"@type\":\"ReadAction\",\"target\":[\"https:\/\/www.lenostrevie.it\/?page_id=384\"]}]},{\"@type\":\"ImageObject\",\"inLanguage\":\"it-IT\",\"@id\":\"https:\/\/www.lenostrevie.it\/?page_id=384#primaryimage\",\"url\":\"https:\/\/www.lenostrevie.it\/wp-content\/uploads\/mexico.jpg\",\"contentUrl\":\"https:\/\/www.lenostrevie.it\/wp-content\/uploads\/mexico.jpg\",\"width\":1534,\"height\":794},{\"@type\":\"BreadcrumbList\",\"@id\":\"https:\/\/www.lenostrevie.it\/?page_id=384#breadcrumb\",\"itemListElement\":[{\"@type\":\"ListItem\",\"position\":1,\"name\":\"Home\",\"item\":\"https:\/\/www.lenostrevie.it\/\"},{\"@type\":\"ListItem\",\"position\":2,\"name\":\"Messico\"}]},{\"@type\":\"WebSite\",\"@id\":\"https:\/\/www.lenostrevie.it\/#website\",\"url\":\"https:\/\/www.lenostrevie.it\/\",\"name\":\"Le Nostre Vie\",\"description\":\"Grandi viaggi, Giri e Luoghi\",\"potentialAction\":[{\"@type\":\"SearchAction\",\"target\":{\"@type\":\"EntryPoint\",\"urlTemplate\":\"https:\/\/www.lenostrevie.it\/?s={search_term_string}\"},\"query-input\":{\"@type\":\"PropertyValueSpecification\",\"valueRequired\":true,\"valueName\":\"search_term_string\"}}],\"inLanguage\":\"it-IT\"}]}<\/script>\n<!-- \/ Yoast SEO plugin. -->","yoast_head_json":{"title":"Messico - Le Nostre Vie","robots":{"index":"index","follow":"follow","max-snippet":"max-snippet:-1","max-image-preview":"max-image-preview:large","max-video-preview":"max-video-preview:-1"},"canonical":"https:\/\/www.lenostrevie.it\/?page_id=384","og_locale":"it_IT","og_type":"article","og_title":"Messico - Le Nostre Vie","og_description":"Messico central, Chiapas, Yucat\u00e1n e Quintana Roo Anno 2008 Periodo 19 Aprile \u2013 4 Maggio Viaggio Itinerante in pi\u00f9 localit\u00e0&hellip;","og_url":"https:\/\/www.lenostrevie.it\/?page_id=384","og_site_name":"Le Nostre Vie","article_modified_time":"2026-01-19T08:42:45+00:00","og_image":[{"width":1534,"height":794,"url":"https:\/\/www.lenostrevie.it\/wp-content\/uploads\/mexico.jpg","type":"image\/jpeg"}],"twitter_card":"summary_large_image","twitter_misc":{"Est. reading time":"5 minuti"},"schema":{"@context":"https:\/\/schema.org","@graph":[{"@type":"WebPage","@id":"https:\/\/www.lenostrevie.it\/?page_id=384","url":"https:\/\/www.lenostrevie.it\/?page_id=384","name":"Messico - Le Nostre Vie","isPartOf":{"@id":"https:\/\/www.lenostrevie.it\/#website"},"primaryImageOfPage":{"@id":"https:\/\/www.lenostrevie.it\/?page_id=384#primaryimage"},"image":{"@id":"https:\/\/www.lenostrevie.it\/?page_id=384#primaryimage"},"thumbnailUrl":"http:\/\/www.lenostrevie.it\/wp-content\/uploads\/mexico.jpg","datePublished":"2008-05-05T13:56:43+00:00","dateModified":"2026-01-19T08:42:45+00:00","breadcrumb":{"@id":"https:\/\/www.lenostrevie.it\/?page_id=384#breadcrumb"},"inLanguage":"it-IT","potentialAction":[{"@type":"ReadAction","target":["https:\/\/www.lenostrevie.it\/?page_id=384"]}]},{"@type":"ImageObject","inLanguage":"it-IT","@id":"https:\/\/www.lenostrevie.it\/?page_id=384#primaryimage","url":"https:\/\/www.lenostrevie.it\/wp-content\/uploads\/mexico.jpg","contentUrl":"https:\/\/www.lenostrevie.it\/wp-content\/uploads\/mexico.jpg","width":1534,"height":794},{"@type":"BreadcrumbList","@id":"https:\/\/www.lenostrevie.it\/?page_id=384#breadcrumb","itemListElement":[{"@type":"ListItem","position":1,"name":"Home","item":"https:\/\/www.lenostrevie.it\/"},{"@type":"ListItem","position":2,"name":"Messico"}]},{"@type":"WebSite","@id":"https:\/\/www.lenostrevie.it\/#website","url":"https:\/\/www.lenostrevie.it\/","name":"Le Nostre Vie","description":"Grandi viaggi, Giri e Luoghi","potentialAction":[{"@type":"SearchAction","target":{"@type":"EntryPoint","urlTemplate":"https:\/\/www.lenostrevie.it\/?s={search_term_string}"},"query-input":{"@type":"PropertyValueSpecification","valueRequired":true,"valueName":"search_term_string"}}],"inLanguage":"it-IT"}]}},"_links":{"self":[{"href":"https:\/\/www.lenostrevie.it\/index.php?rest_route=\/wp\/v2\/pages\/384","targetHints":{"allow":["GET"]}}],"collection":[{"href":"https:\/\/www.lenostrevie.it\/index.php?rest_route=\/wp\/v2\/pages"}],"about":[{"href":"https:\/\/www.lenostrevie.it\/index.php?rest_route=\/wp\/v2\/types\/page"}],"author":[{"embeddable":true,"href":"https:\/\/www.lenostrevie.it\/index.php?rest_route=\/wp\/v2\/users\/1"}],"replies":[{"embeddable":true,"href":"https:\/\/www.lenostrevie.it\/index.php?rest_route=%2Fwp%2Fv2%2Fcomments&post=384"}],"version-history":[{"count":30,"href":"https:\/\/www.lenostrevie.it\/index.php?rest_route=\/wp\/v2\/pages\/384\/revisions"}],"predecessor-version":[{"id":2443,"href":"https:\/\/www.lenostrevie.it\/index.php?rest_route=\/wp\/v2\/pages\/384\/revisions\/2443"}],"wp:attachment":[{"href":"https:\/\/www.lenostrevie.it\/index.php?rest_route=%2Fwp%2Fv2%2Fmedia&parent=384"}],"wp:term":[{"taxonomy":"category","embeddable":true,"href":"https:\/\/www.lenostrevie.it\/index.php?rest_route=%2Fwp%2Fv2%2Fcategories&post=384"},{"taxonomy":"post_tag","embeddable":true,"href":"https:\/\/www.lenostrevie.it\/index.php?rest_route=%2Fwp%2Fv2%2Ftags&post=384"}],"curies":[{"name":"wp","href":"https:\/\/api.w.org\/{rel}","templated":true}]}}