{"id":166,"date":"2005-08-18T10:10:53","date_gmt":"2005-08-18T08:10:53","guid":{"rendered":"http:\/\/localhost\/?page_id=166"},"modified":"2026-01-19T09:42:08","modified_gmt":"2026-01-19T08:42:08","slug":"africa","status":"publish","type":"page","link":"https:\/\/www.lenostrevie.it\/?page_id=166","title":{"rendered":"Africa"},"content":{"rendered":"\n<h2 class=\"wp-block-heading\">Cairo, Kenya, Madagascar<\/h2>\n\n\n\n<figure class=\"wp-block-table is-style-stripes\"><table><tbody><tr><td>Anno<\/td><td>2005<\/td><\/tr><tr><td>Periodo<\/td><td>25 Luglio &#8211; 20 Agosto<\/td><\/tr><tr><td>Viaggio<\/td><td>Itinerante in pi\u00f9 nazioni (3 differenti stati) due fusi orari adiacenti.<\/td><\/tr><tr><td>Trasporti<\/td><td>Spostamenti impegnativi, voli, mezzi locali\/privati organizzati in loco, trekking a piedi<\/td><\/tr><tr><td>Stile\/Tappe<\/td><td>Itinerante Comodo \/ pochi spostamenti diretti, soggiorno prolungato<\/td><\/tr><tr><td>Preparazione<\/td><td>Adattamento, Organizzazione, Adatto a viaggiatori con esperienza, Costi medio\/alti<\/td><\/tr><tr><td>Budget<\/td><td>3.500 \u20ac (escluso voli)<\/td><\/tr><\/tbody><\/table><\/figure>\n\n\n\n<figure class=\"wp-block-pullquote is-style-default has-border-color has-luminous-vivid-orange-color has-text-color\" style=\"border-color:#ff6900\"><blockquote><p>26 giorni, tre stati, 6 trasferimenti in aereo, spostamenti interni con tour guidati e\/o macchine (fuoristrada) con autista.<br>Breve riposo al mare in Madagascar.<\/p><\/blockquote><\/figure>\n\n\n\n<div class=\"wp-block-getwid-image-hotspot\" data-appearance-animation=\"none\" data-image-points=\"[{&quot;link&quot;:&quot;https:\/\/www.lenostrevie.it\/?p=127&quot;,&quot;icon&quot;:&quot;&quot;,&quot;title&quot;:&quot;Kenia&quot;,&quot;color&quot;:&quot;&quot;,&quot;content&quot;:&quot;&quot;,&quot;backgroundColor&quot;:&quot;#ff6900&quot;,&quot;newTab&quot;:false,&quot;popUpOpen&quot;:true,&quot;popUpWidth&quot;:350,&quot;placement&quot;:&quot;top&quot;,&quot;position&quot;:{&quot;x&quot;:&quot;43.57%&quot;,&quot;y&quot;:&quot;51.50%&quot;}},{&quot;link&quot;:&quot;http:\/\/www.lenostrevie.it\/?p=344&quot;,&quot;icon&quot;:&quot;&quot;,&quot;title&quot;:&quot;Cairo&quot;,&quot;color&quot;:&quot;&quot;,&quot;content&quot;:&quot;&quot;,&quot;backgroundColor&quot;:&quot;&quot;,&quot;newTab&quot;:false,&quot;popUpOpen&quot;:true,&quot;popUpWidth&quot;:350,&quot;placement&quot;:&quot;top&quot;,&quot;position&quot;:{&quot;x&quot;:&quot;24.29%&quot;,&quot;y&quot;:&quot;11.99%&quot;}},{&quot;link&quot;:&quot;https:\/\/www.lenostrevie.it\/?p=195&quot;,&quot;icon&quot;:&quot;&quot;,&quot;title&quot;:&quot;Madagascar&quot;,&quot;color&quot;:&quot;&quot;,&quot;content&quot;:&quot;&quot;,&quot;backgroundColor&quot;:&quot;#ff6900&quot;,&quot;newTab&quot;:false,&quot;popUpOpen&quot;:true,&quot;popUpWidth&quot;:350,&quot;placement&quot;:&quot;top&quot;,&quot;position&quot;:{&quot;x&quot;:&quot;60.36%&quot;,&quot;y&quot;:&quot;82.72%&quot;}}]\" data-trigger=\"click\" data-theme=\"light\" data-tooltip-animation=\"shift-toward\" data-arrow=\"true\"><div class=\"wp-block-getwid-image-hotspot__wrapper\"><img loading=\"lazy\" decoding=\"async\" width=\"1169\" height=\"789\" src=\"http:\/\/www.lenostrevie.it\/wp-content\/uploads\/africa.jpg\" alt=\"\" class=\"wp-block-getwid-image-hotspot__image wp-image-167\" srcset=\"https:\/\/www.lenostrevie.it\/wp-content\/uploads\/africa.jpg 1169w, https:\/\/www.lenostrevie.it\/wp-content\/uploads\/africa-300x202.jpg 300w, https:\/\/www.lenostrevie.it\/wp-content\/uploads\/africa-768x518.jpg 768w\" sizes=\"auto, (max-width: 1169px) 100vw, 1169px\" \/><div data-point-id=\"0\" class=\"wp-block-getwid-image-hotspot__dot has-animation-pulse\" style=\"left:43.57%;top:51.50%;background-color:#ff6900\"><div class=\"wp-block-getwid-image-hotspot__dot-wrapper\"><div class=\"wp-block-getwid-image-hotspot__dot-content\"><i class=\"fas fa-plus wp-block-getwid-image-hotspot__dot-icon\"><\/i><\/div><\/div><div class=\"wp-block-getwid-image-hotspot__dot-description\"><div class=\"wp-block-getwid-image-hotspot__dot-title\"><a href=\"https:\/\/www.lenostrevie.it\/?p=127\">Kenia<\/a><\/div><\/div><\/div><div data-point-id=\"1\" class=\"wp-block-getwid-image-hotspot__dot has-animation-pulse\" style=\"left:24.29%;top:11.99%\"><div class=\"wp-block-getwid-image-hotspot__dot-wrapper\"><div class=\"wp-block-getwid-image-hotspot__dot-content\"><i class=\"fas fa-plus wp-block-getwid-image-hotspot__dot-icon\"><\/i><\/div><\/div><div class=\"wp-block-getwid-image-hotspot__dot-description\"><div class=\"wp-block-getwid-image-hotspot__dot-title\"><a href=\"http:\/\/www.lenostrevie.it\/?p=344\">Cairo<\/a><\/div><\/div><\/div><div data-point-id=\"2\" class=\"wp-block-getwid-image-hotspot__dot has-animation-pulse\" style=\"left:60.36%;top:82.72%;background-color:#ff6900\"><div class=\"wp-block-getwid-image-hotspot__dot-wrapper\"><div class=\"wp-block-getwid-image-hotspot__dot-content\"><i class=\"fas fa-plus wp-block-getwid-image-hotspot__dot-icon\"><\/i><\/div><\/div><div class=\"wp-block-getwid-image-hotspot__dot-description\"><div class=\"wp-block-getwid-image-hotspot__dot-title\"><a href=\"https:\/\/www.lenostrevie.it\/?p=195\">Madagascar<\/a><\/div><\/div><\/div><\/div><\/div>\n\n\n\n<hr class=\"wp-block-separator has-alpha-channel-opacity is-style-dots\"\/>\n\n\n\n<h2 class=\"wp-block-heading\">Il viaggio in breve<\/h2>\n\n\n\n<div class=\"wp-block-columns is-layout-flex wp-container-core-columns-is-layout-9d6595d7 wp-block-columns-is-layout-flex\">\n<div class=\"wp-block-column is-layout-flow wp-block-column-is-layout-flow\">\n<ul class=\"wp-block-list\">\n<li style=\"font-size:16px\">25\/7 &#8211; Partenza da Roma per Cairo Egitto<\/li>\n\n\n\n<li style=\"font-size:16px\">26\/7 &#8211; Tour Saqqara \/ Menfi \/ Giza<\/li>\n\n\n\n<li style=\"font-size:16px\">27\/7 &#8211; Museo Egizio<\/li>\n\n\n\n<li style=\"font-size:16px\">28\/7 &#8211; Volo dal Cairo per Nairobi Kenya, giro della citt\u00e0 e organizzazione safari<\/li>\n\n\n\n<li style=\"font-size:16px\">29\/7 &#8211; Volo da Nairobi per Antananarivo Madagascar, organizzazione viaggio<\/li>\n\n\n\n<li style=\"font-size:16px\">30\/7 &#8211; Viaggio per Ambositra<\/li>\n\n\n\n<li style=\"font-size:16px\">31\/7 &#8211; Viaggio verso il parco Ranomafana<\/li>\n\n\n\n<li style=\"font-size:16px\">1\/8 &#8211; Viaggio per Ranohira<\/li>\n\n\n\n<li style=\"font-size:16px\">2\/8 &#8211; Visita del parco Isalo<\/li>\n\n\n\n<li style=\"font-size:16px\">3\/8 &#8211; Viaggio per Toliara<\/li>\n\n\n\n<li style=\"font-size:16px\">4\/8 &#8211; Anakao, riposo mare<\/li>\n\n\n\n<li style=\"font-size:16px\">9\/8 &#8211; Volo da Toliara a Antananarivo<\/li>\n\n\n\n<li style=\"font-size:16px\">10\/8 &#8211; Visita citt\u00e0<\/li>\n\n\n\n<li style=\"font-size:16px\">12\/8 &#8211; Volo da Antananarivo a Nairobi<\/li>\n\n\n\n<li style=\"font-size:16px\">13\/8 &#8211; Nairobi, partenza per safari<\/li>\n\n\n\n<li style=\"font-size:16px\">14-17\/8 &#8211; Masai Mara, Nakuru<\/li>\n\n\n\n<li style=\"font-size:16px\">18\/8 &#8211; Rientro a Nairobi e visita citt\u00e0<\/li>\n\n\n\n<li style=\"font-size:16px\">19\/8 &#8211; Volo da Nairobi al Cairo Egitto<\/li>\n\n\n\n<li style=\"font-size:16px\">20\/8 &#8211; Rientro a Roma<\/li>\n<\/ul>\n\n\n\n<p><\/p>\n<\/div>\n\n\n\n<div class=\"wp-block-column is-layout-flow wp-block-column-is-layout-flow\">        <div class=\"wp-block-getwid-custom-post-type custom-post-type-post has-layout-list\">\n            <div class=\"wp-block-getwid-custom-post-type__wrapper\">\n                \t\t\t\t\t\t\t\t<div class='wp-block-getwid-custom-post-type__post'>\n\t\t\t\t\t\t\t\t\t\n<div class=\"wp-block-getwid-custom-post-type__post-wrapper\">\n            <div class=\"wp-block-getwid-custom-post-type__post-thumbnail\">\n            <a href=\"https:\/\/www.lenostrevie.it\/?p=344\"><img loading=\"lazy\" decoding=\"async\" width=\"1440\" height=\"1080\" src=\"https:\/\/www.lenostrevie.it\/wp-content\/uploads\/FAAM3_0000000285.jpg\" class=\"attachment-post-thumbnail size-post-thumbnail wp-post-image\" alt=\"\" srcset=\"https:\/\/www.lenostrevie.it\/wp-content\/uploads\/FAAM3_0000000285.jpg 1440w, https:\/\/www.lenostrevie.it\/wp-content\/uploads\/FAAM3_0000000285-300x225.jpg 300w, https:\/\/www.lenostrevie.it\/wp-content\/uploads\/FAAM3_0000000285-768x576.jpg 768w\" sizes=\"auto, (max-width: 1440px) 100vw, 1440px\" \/><\/a>\n        <\/div>\n        <div class=\"wp-block-getwid-custom-post-type__content-wrapper\">\n        <div class=\"wp-block-getwid-custom-post-type__post-header\">\n            <h3 class=\"wp-block-getwid-custom-post-type__post-title\"><a href=\"https:\/\/www.lenostrevie.it\/?p=344\">Cairo<\/a><\/h3>        <\/div>\n        <div class=\"wp-block-getwid-custom-post-type__post-excerpt \"><p>Fine luglio del 2005, arriviamo al Cairo poco dopo un attentato terroristico. L&#8217;atmosfera \u00e8 tesa a cominciare dall&#8217;aeroporto, molte le&hellip; <\/p>\n<\/div>\n    <\/div>\n<\/div>\n\t\t\t\t\t\t\t\t<\/div>\n\t\t\t\t\t\t\t\t\t\t\t\t\t\t\t<div class='wp-block-getwid-custom-post-type__post'>\n\t\t\t\t\t\t\t\t\t\n<div class=\"wp-block-getwid-custom-post-type__post-wrapper\">\n            <div class=\"wp-block-getwid-custom-post-type__post-thumbnail\">\n            <a href=\"https:\/\/www.lenostrevie.it\/?p=195\"><img loading=\"lazy\" decoding=\"async\" width=\"1440\" height=\"1080\" src=\"https:\/\/www.lenostrevie.it\/wp-content\/uploads\/FAAM3_0000000491.jpg\" class=\"attachment-post-thumbnail size-post-thumbnail wp-post-image\" alt=\"\" srcset=\"https:\/\/www.lenostrevie.it\/wp-content\/uploads\/FAAM3_0000000491.jpg 1440w, https:\/\/www.lenostrevie.it\/wp-content\/uploads\/FAAM3_0000000491-300x225.jpg 300w, https:\/\/www.lenostrevie.it\/wp-content\/uploads\/FAAM3_0000000491-768x576.jpg 768w\" sizes=\"auto, (max-width: 1440px) 100vw, 1440px\" \/><\/a>\n        <\/div>\n        <div class=\"wp-block-getwid-custom-post-type__content-wrapper\">\n        <div class=\"wp-block-getwid-custom-post-type__post-header\">\n            <h3 class=\"wp-block-getwid-custom-post-type__post-title\"><a href=\"https:\/\/www.lenostrevie.it\/?p=195\">Giro in: Madagascar<\/a><\/h3>        <\/div>\n        <div class=\"wp-block-getwid-custom-post-type__post-excerpt \"><p>Agosto 2005, voliamo in Madagascar dal Kenia, dove ci siamo fermati solo per una tappa. Atterriamo a Antananarivo (Tana per&hellip; <\/p>\n<\/div>\n    <\/div>\n<\/div>\n\t\t\t\t\t\t\t\t<\/div>\n\t\t\t\t\t\t\t\t\t\t\t\t\t\t\t<div class='wp-block-getwid-custom-post-type__post'>\n\t\t\t\t\t\t\t\t\t\n<div class=\"wp-block-getwid-custom-post-type__post-wrapper\">\n            <div class=\"wp-block-getwid-custom-post-type__post-thumbnail\">\n            <a href=\"https:\/\/www.lenostrevie.it\/?p=127\"><img loading=\"lazy\" decoding=\"async\" width=\"1440\" height=\"1080\" src=\"https:\/\/www.lenostrevie.it\/wp-content\/uploads\/FAAM4B0000000316.jpg\" class=\"attachment-post-thumbnail size-post-thumbnail wp-post-image\" alt=\"\" srcset=\"https:\/\/www.lenostrevie.it\/wp-content\/uploads\/FAAM4B0000000316.jpg 1440w, https:\/\/www.lenostrevie.it\/wp-content\/uploads\/FAAM4B0000000316-300x225.jpg 300w, https:\/\/www.lenostrevie.it\/wp-content\/uploads\/FAAM4B0000000316-768x576.jpg 768w\" sizes=\"auto, (max-width: 1440px) 100vw, 1440px\" \/><\/a>\n        <\/div>\n        <div class=\"wp-block-getwid-custom-post-type__content-wrapper\">\n        <div class=\"wp-block-getwid-custom-post-type__post-header\">\n            <h3 class=\"wp-block-getwid-custom-post-type__post-title\"><a href=\"https:\/\/www.lenostrevie.it\/?p=127\">Giro in: Kenya<\/a><\/h3>        <\/div>\n        <div class=\"wp-block-getwid-custom-post-type__post-excerpt \"><p>Agosto 2005, un safari fotografico in Kenia, siamo di ritorno dal Madagascar, abbiamo organizzato il giro all&#8217;andata, fermandoci per qualche&hellip; <\/p>\n<\/div>\n    <\/div>\n<\/div>\n\t\t\t\t\t\t\t\t<\/div>\n\t\t\t\t\t\t\t            <\/div>\n\n                    <\/div>\n        <\/div>\n<\/div>\n\n\n\n<h2 class=\"wp-block-heading\">Note e notizie<\/h2>\n\n\n\n<p style=\"font-size:16px\">In Egitto \u00e8 facile organizzare day tours con l&#8217;agenzia governativa locale.<\/p>\n\n\n\n<p style=\"font-size:16px\">Anche in Kenya \u00e8 possibile e conveniente organizzare il safari in loco, con le agenzie locali (le proposte sono fin troppe, conviene individuarne qualcuna prima di partire e poi contattarla una volta sul posto).<\/p>\n\n\n\n<p style=\"font-size:16px\">In Madagascar c&#8217;\u00e8 molta povert\u00e0 e arretratezza. Se nelle zone rurali la povert\u00e0 \u00e8 dignitosa, in citt\u00e0 si trasforma in miseria; a Tana e Toliara le richieste di elemosina verso i turisti che girano a piedi sono costanti e assillanti e i bambini si contendono i pochi scarti recuperati dalla spazzatura (scena vista in pieno centro, nei giardini sul lago accanto al mercato dei fiori). Anche la natura \u00e8 stata tremendamente rovinata dalle trib\u00f9 locali, che bruciano gli alberi per far posto ai pascoli degli zeb\u00f9. Meno grave, ma preoccupante, il danno ambientale dovuto ai rifiuti non smaltiti dai villaggi turistici di Anakao (basta uscire pochi metri fuori dalle zone bungalow per vedere mucchi di spazzatura bruciata e non, inclusa ovviamente la plastica e le batterie).<\/p>\n\n\n\n<p style=\"font-size:16px\">In Kenya e Madagascar i prezzi aumentano in continuo, forse per l&#8217;inflazione che subiscono le valute. E&#8217; meglio cambiare o prendere soldi locali solo quando necessario, ovunque accettano Dollari, meno gli Euro.<\/p>\n","protected":false},"excerpt":{"rendered":"<p>Cairo, Kenya, Madagascar Anno 2005 Periodo 25 Luglio &#8211; 20 Agosto Viaggio Itinerante in pi\u00f9 nazioni (3 differenti stati) due&hellip; <\/p>\n","protected":false},"author":1,"featured_media":0,"parent":0,"menu_order":0,"comment_status":"open","ping_status":"closed","template":"","meta":{"footnotes":""},"categories":[4],"tags":[],"class_list":["post-166","page","type-page","status-publish","hentry","category-grandeviaggio"],"yoast_head":"<!-- This site is optimized with the Yoast SEO plugin v23.7 - https:\/\/yoast.com\/wordpress\/plugins\/seo\/ -->\n<title>Africa - Le Nostre Vie<\/title>\n<meta name=\"robots\" content=\"index, follow, max-snippet:-1, max-image-preview:large, max-video-preview:-1\" \/>\n<link rel=\"canonical\" href=\"https:\/\/www.lenostrevie.it\/?page_id=166\" \/>\n<meta property=\"og:locale\" content=\"it_IT\" \/>\n<meta property=\"og:type\" content=\"article\" \/>\n<meta property=\"og:title\" content=\"Africa - Le Nostre Vie\" \/>\n<meta property=\"og:description\" content=\"Cairo, Kenya, Madagascar Anno 2005 Periodo 25 Luglio &#8211; 20 Agosto Viaggio Itinerante in pi\u00f9 nazioni (3 differenti stati) due&hellip;\" \/>\n<meta property=\"og:url\" content=\"https:\/\/www.lenostrevie.it\/?page_id=166\" \/>\n<meta property=\"og:site_name\" content=\"Le Nostre Vie\" \/>\n<meta property=\"article:modified_time\" content=\"2026-01-19T08:42:08+00:00\" \/>\n<meta property=\"og:image\" content=\"https:\/\/www.lenostrevie.it\/wp-content\/uploads\/africa.jpg\" \/>\n\t<meta property=\"og:image:width\" content=\"1169\" \/>\n\t<meta property=\"og:image:height\" content=\"789\" \/>\n\t<meta property=\"og:image:type\" content=\"image\/jpeg\" \/>\n<meta name=\"twitter:card\" content=\"summary_large_image\" \/>\n<meta name=\"twitter:label1\" content=\"Est. reading time\" \/>\n\t<meta name=\"twitter:data1\" content=\"3 minuti\" \/>\n<script type=\"application\/ld+json\" class=\"yoast-schema-graph\">{\"@context\":\"https:\/\/schema.org\",\"@graph\":[{\"@type\":\"WebPage\",\"@id\":\"https:\/\/www.lenostrevie.it\/?page_id=166\",\"url\":\"https:\/\/www.lenostrevie.it\/?page_id=166\",\"name\":\"Africa - Le Nostre Vie\",\"isPartOf\":{\"@id\":\"https:\/\/www.lenostrevie.it\/#website\"},\"primaryImageOfPage\":{\"@id\":\"https:\/\/www.lenostrevie.it\/?page_id=166#primaryimage\"},\"image\":{\"@id\":\"https:\/\/www.lenostrevie.it\/?page_id=166#primaryimage\"},\"thumbnailUrl\":\"http:\/\/www.lenostrevie.it\/wp-content\/uploads\/africa.jpg\",\"datePublished\":\"2005-08-18T08:10:53+00:00\",\"dateModified\":\"2026-01-19T08:42:08+00:00\",\"breadcrumb\":{\"@id\":\"https:\/\/www.lenostrevie.it\/?page_id=166#breadcrumb\"},\"inLanguage\":\"it-IT\",\"potentialAction\":[{\"@type\":\"ReadAction\",\"target\":[\"https:\/\/www.lenostrevie.it\/?page_id=166\"]}]},{\"@type\":\"ImageObject\",\"inLanguage\":\"it-IT\",\"@id\":\"https:\/\/www.lenostrevie.it\/?page_id=166#primaryimage\",\"url\":\"https:\/\/www.lenostrevie.it\/wp-content\/uploads\/africa.jpg\",\"contentUrl\":\"https:\/\/www.lenostrevie.it\/wp-content\/uploads\/africa.jpg\",\"width\":1169,\"height\":789},{\"@type\":\"BreadcrumbList\",\"@id\":\"https:\/\/www.lenostrevie.it\/?page_id=166#breadcrumb\",\"itemListElement\":[{\"@type\":\"ListItem\",\"position\":1,\"name\":\"Home\",\"item\":\"https:\/\/www.lenostrevie.it\/\"},{\"@type\":\"ListItem\",\"position\":2,\"name\":\"Africa\"}]},{\"@type\":\"WebSite\",\"@id\":\"https:\/\/www.lenostrevie.it\/#website\",\"url\":\"https:\/\/www.lenostrevie.it\/\",\"name\":\"Le Nostre Vie\",\"description\":\"Grandi viaggi, Giri e Luoghi\",\"potentialAction\":[{\"@type\":\"SearchAction\",\"target\":{\"@type\":\"EntryPoint\",\"urlTemplate\":\"https:\/\/www.lenostrevie.it\/?s={search_term_string}\"},\"query-input\":{\"@type\":\"PropertyValueSpecification\",\"valueRequired\":true,\"valueName\":\"search_term_string\"}}],\"inLanguage\":\"it-IT\"}]}<\/script>\n<!-- \/ Yoast SEO plugin. -->","yoast_head_json":{"title":"Africa - Le Nostre Vie","robots":{"index":"index","follow":"follow","max-snippet":"max-snippet:-1","max-image-preview":"max-image-preview:large","max-video-preview":"max-video-preview:-1"},"canonical":"https:\/\/www.lenostrevie.it\/?page_id=166","og_locale":"it_IT","og_type":"article","og_title":"Africa - Le Nostre Vie","og_description":"Cairo, Kenya, Madagascar Anno 2005 Periodo 25 Luglio &#8211; 20 Agosto Viaggio Itinerante in pi\u00f9 nazioni (3 differenti stati) due&hellip;","og_url":"https:\/\/www.lenostrevie.it\/?page_id=166","og_site_name":"Le Nostre Vie","article_modified_time":"2026-01-19T08:42:08+00:00","og_image":[{"width":1169,"height":789,"url":"https:\/\/www.lenostrevie.it\/wp-content\/uploads\/africa.jpg","type":"image\/jpeg"}],"twitter_card":"summary_large_image","twitter_misc":{"Est. reading time":"3 minuti"},"schema":{"@context":"https:\/\/schema.org","@graph":[{"@type":"WebPage","@id":"https:\/\/www.lenostrevie.it\/?page_id=166","url":"https:\/\/www.lenostrevie.it\/?page_id=166","name":"Africa - Le Nostre Vie","isPartOf":{"@id":"https:\/\/www.lenostrevie.it\/#website"},"primaryImageOfPage":{"@id":"https:\/\/www.lenostrevie.it\/?page_id=166#primaryimage"},"image":{"@id":"https:\/\/www.lenostrevie.it\/?page_id=166#primaryimage"},"thumbnailUrl":"http:\/\/www.lenostrevie.it\/wp-content\/uploads\/africa.jpg","datePublished":"2005-08-18T08:10:53+00:00","dateModified":"2026-01-19T08:42:08+00:00","breadcrumb":{"@id":"https:\/\/www.lenostrevie.it\/?page_id=166#breadcrumb"},"inLanguage":"it-IT","potentialAction":[{"@type":"ReadAction","target":["https:\/\/www.lenostrevie.it\/?page_id=166"]}]},{"@type":"ImageObject","inLanguage":"it-IT","@id":"https:\/\/www.lenostrevie.it\/?page_id=166#primaryimage","url":"https:\/\/www.lenostrevie.it\/wp-content\/uploads\/africa.jpg","contentUrl":"https:\/\/www.lenostrevie.it\/wp-content\/uploads\/africa.jpg","width":1169,"height":789},{"@type":"BreadcrumbList","@id":"https:\/\/www.lenostrevie.it\/?page_id=166#breadcrumb","itemListElement":[{"@type":"ListItem","position":1,"name":"Home","item":"https:\/\/www.lenostrevie.it\/"},{"@type":"ListItem","position":2,"name":"Africa"}]},{"@type":"WebSite","@id":"https:\/\/www.lenostrevie.it\/#website","url":"https:\/\/www.lenostrevie.it\/","name":"Le Nostre Vie","description":"Grandi viaggi, Giri e Luoghi","potentialAction":[{"@type":"SearchAction","target":{"@type":"EntryPoint","urlTemplate":"https:\/\/www.lenostrevie.it\/?s={search_term_string}"},"query-input":{"@type":"PropertyValueSpecification","valueRequired":true,"valueName":"search_term_string"}}],"inLanguage":"it-IT"}]}},"_links":{"self":[{"href":"https:\/\/www.lenostrevie.it\/index.php?rest_route=\/wp\/v2\/pages\/166","targetHints":{"allow":["GET"]}}],"collection":[{"href":"https:\/\/www.lenostrevie.it\/index.php?rest_route=\/wp\/v2\/pages"}],"about":[{"href":"https:\/\/www.lenostrevie.it\/index.php?rest_route=\/wp\/v2\/types\/page"}],"author":[{"embeddable":true,"href":"https:\/\/www.lenostrevie.it\/index.php?rest_route=\/wp\/v2\/users\/1"}],"replies":[{"embeddable":true,"href":"https:\/\/www.lenostrevie.it\/index.php?rest_route=%2Fwp%2Fv2%2Fcomments&post=166"}],"version-history":[{"count":26,"href":"https:\/\/www.lenostrevie.it\/index.php?rest_route=\/wp\/v2\/pages\/166\/revisions"}],"predecessor-version":[{"id":3137,"href":"https:\/\/www.lenostrevie.it\/index.php?rest_route=\/wp\/v2\/pages\/166\/revisions\/3137"}],"wp:attachment":[{"href":"https:\/\/www.lenostrevie.it\/index.php?rest_route=%2Fwp%2Fv2%2Fmedia&parent=166"}],"wp:term":[{"taxonomy":"category","embeddable":true,"href":"https:\/\/www.lenostrevie.it\/index.php?rest_route=%2Fwp%2Fv2%2Fcategories&post=166"},{"taxonomy":"post_tag","embeddable":true,"href":"https:\/\/www.lenostrevie.it\/index.php?rest_route=%2Fwp%2Fv2%2Ftags&post=166"}],"curies":[{"name":"wp","href":"https:\/\/api.w.org\/{rel}","templated":true}]}}